{"id":512,"date":"2022-02-28T13:40:08","date_gmt":"2022-02-28T13:40:08","guid":{"rendered":"https:\/\/wpriverthemes.com\/tandaelem\/?page_id=512"},"modified":"2023-07-10T09:24:21","modified_gmt":"2023-07-10T09:24:21","slug":"iletisim","status":"publish","type":"page","link":"https:\/\/www.fluxbilisim.com\/index.php\/iletisim\/","title":{"rendered":"\u0130leti\u015fim"},"content":{"rendered":"\t\t<div data-elementor-type=\"wp-page\" data-elementor-id=\"512\" class=\"elementor elementor-512\">\n\t\t\t\t\t\t<section class=\"elementor-section elementor-top-section elementor-element elementor-element-37df3ba elementor-section-full_width elementor-section-height-default elementor-section-height-default\" data-id=\"37df3ba\" data-element_type=\"section\">\n\t\t\t\t\t\t<div class=\"elementor-container elementor-column-gap-no\">\n\t\t\t\t\t<div class=\"elementor-column elementor-col-100 elementor-top-column elementor-element elementor-element-6c599ba\" data-id=\"6c599ba\" data-element_type=\"column\">\n\t\t\t<div class=\"elementor-widget-wrap elementor-element-populated\">\n\t\t\t\t\t\t<div class=\"elementor-element elementor-element-c7fda53 elementor-widget elementor-widget-contact\" data-id=\"c7fda53\" data-element_type=\"widget\" data-widget_type=\"contact.default\">\n\t\t\t\t<div class=\"elementor-widget-container\">\n\t\t\t\n       <!-- Start Contact \n    ============================================= -->\n    <div class=\"contact-area overflow-hidden default-padding\">\n        <div class=\"container\">\n            <div class=\"row\">\n\n                <div class=\"col-lg-6 contact-form-box\">\n                    <div class=\"content\">\n                        <div class=\"heading\">\n                            <h2>\u0130leti\u015fim<\/h2>\n                            <p>\u0130leti\u015fim \u0130leti\u015fim formunu kullanarak bize ula\u015fabilirsiniz.<\/p>\n                        <\/div>\n                        \n<div class=\"wpcf7 no-js\" id=\"wpcf7-f1603-o1\" lang=\"en-US\" dir=\"ltr\">\n<div class=\"screen-reader-response\"><p role=\"status\" aria-live=\"polite\" aria-atomic=\"true\"><\/p> <ul><\/ul><\/div>\n<form action=\"\/index.php\/wp-json\/wp\/v2\/pages\/512#wpcf7-f1603-o1\" method=\"post\" class=\"wpcf7-form init\" aria-label=\"Contact form\" novalidate=\"novalidate\" data-status=\"init\">\n<div style=\"display: none;\">\n<input type=\"hidden\" name=\"_wpcf7\" value=\"1603\" \/>\n<input type=\"hidden\" name=\"_wpcf7_version\" value=\"5.8.7\" \/>\n<input type=\"hidden\" name=\"_wpcf7_locale\" value=\"en_US\" \/>\n<input type=\"hidden\" name=\"_wpcf7_unit_tag\" value=\"wpcf7-f1603-o1\" \/>\n<input type=\"hidden\" name=\"_wpcf7_container_post\" value=\"0\" \/>\n<input type=\"hidden\" name=\"_wpcf7_posted_data_hash\" value=\"\" \/>\n<\/div>\n<div class=\"row\">\n\t<div class=\"col-lg-6\">\n\t\t<div class=\"form-group\">\n\t\t\t<p><span class=\"wpcf7-form-control-wrap\" data-name=\"your-name\"><input size=\"40\" class=\"wpcf7-form-control wpcf7-text wpcf7-validates-as-required form-control\" id=\"name\" aria-required=\"true\" aria-invalid=\"false\" placeholder=\"\u0130sim\" value=\"\" type=\"text\" name=\"your-name\" \/><\/span><br \/>\n<span class=\"alert-error\"><\/span>\n\t\t\t<\/p>\n\t\t<\/div>\n\t<\/div>\n\t<div class=\"col-lg-6\">\n\t\t<div class=\"form-group\">\n\t\t\t<p><span class=\"wpcf7-form-control-wrap\" data-name=\"email\"><input size=\"40\" class=\"wpcf7-form-control wpcf7-email wpcf7-validates-as-required wpcf7-text wpcf7-validates-as-email form-control\" id=\"email\" aria-required=\"true\" aria-invalid=\"false\" placeholder=\"E-mail*\" value=\"\" type=\"email\" name=\"email\" \/><\/span><br \/>\n<span class=\"alert-error\"><\/span>\n\t\t\t<\/p>\n\t\t<\/div>\n\t<\/div>\n<\/div>\n<div class=\"row\">\n\t<div class=\"col-lg-12\">\n\t\t<div class=\"form-group\">\n\t\t\t<p><span class=\"wpcf7-form-control-wrap\" data-name=\"phone\"><input size=\"40\" class=\"wpcf7-form-control wpcf7-tel wpcf7-text wpcf7-validates-as-tel form-control\" id=\"phone\" aria-invalid=\"false\" placeholder=\"Telefon\" value=\"\" type=\"tel\" name=\"phone\" \/><\/span><br \/>\n<span class=\"alert-error\"><\/span>\n\t\t\t<\/p>\n\t\t<\/div>\n\t<\/div>\n<\/div>\n<div class=\"row\">\n\t<div class=\"col-lg-12\">\n\t\t<div class=\"form-group comments\">\n\t\t\t<p><span class=\"wpcf7-form-control-wrap\" data-name=\"comments\"><textarea cols=\"40\" rows=\"2\" class=\"wpcf7-form-control wpcf7-textarea wpcf7-validates-as-required form-control\" id=\"comments\" aria-required=\"true\" aria-invalid=\"false\" placeholder=\"Mesaj\u0131n\u0131z *\" name=\"comments\"><\/textarea><\/span>\n\t\t\t<\/p>\n\t\t<\/div>\n\t<\/div>\n<\/div>\n<div class=\"row\">\n\t<div class=\"col-lg-12\">\n\t\t<p><button type=\"submit\" name=\"submit\" id=\"submit\">G\u00f6nder<\/button>\n\t\t<\/p>\n\t<\/div>\n<\/div>\n<!-- Alert Message -->\n<div class=\"col-md-12 alert-notification\">\n\t<div id=\"message\" class=\"alert-msg\">\n\t<\/div>\n<\/div><div class=\"wpcf7-response-output\" aria-hidden=\"true\"><\/div>\n<\/form>\n<\/div>\n                        <\/div>\n                <\/div>\n\n                <div class=\"col-lg-6 info\">\n                    <div class=\"contact-tabs\">\n                        <ul id=\"tabs\" class=\"nav nav-tabs\">\n                            <li class=\"nav-item\">\n                                <a href=\"\" data-target=\"#tab1\" data-toggle=\"tab\" class=\"active nav-link\">\n                                    Adres                                <\/a>\n                            <\/li>\n                            <li class=\"nav-item\">\n                                <a href=\"\" data-target=\"#tab2\" data-toggle=\"tab\" class=\"nav-link\">\n                                    Harita                                <\/a>\n                            <\/li>\n                        <\/ul>\n                        <div id=\"tabsContent\" class=\"tab-content\">\n                            <div id=\"tab1\" class=\"tab-pane fade active show\">\n                                <ul>\n                                                <li>\n                                        <div class=\"icon\">\n                                            <i class=\"fas fa-map-marker-alt\"><\/i>\n                                        <\/div>\n                                        <div class=\"info\">\n                                            <p>\n                                                Konum                                                <span><a class=\"icon_normal\" href=\"#\">Mustafa Kemal Mah. 2079 Sk. No: 2\/A Blok No:5 \u00c7ankaya\/Ankara<\/a><\/span>\n                                            <\/p>\n                                        <\/div>\n                                    <\/li>\n                                                                        <li>\n                                        <div class=\"icon\">\n                                            <i class=\"fas fa-envelope-open\"><\/i>\n                                        <\/div>\n                                        <div class=\"info\">\n                                            <p>\n                                                Mail                                                <span><a class=\"icon_normal\" href=\"#\">info@fluxbilisim.com<\/a><\/span>\n                                            <\/p>\n                                        <\/div>\n                                    <\/li>\n                                                                        <li>\n                                        <div class=\"icon\">\n                                            <i class=\"fas fa-phone\"><\/i>\n                                        <\/div>\n                                        <div class=\"info\">\n                                            <p>\n                                                Telefon                                                <span><a class=\"icon_normal\" href=\"#\">0 (312) 220 05 35<\/a><\/span>\n                                            <\/p>\n                                        <\/div>\n                                    <\/li>\n                                                                    <\/ul>\n                            <\/div>\n                            <div id=\"tab2\" class=\"tab-pane fade\">\n                                <iframe src=\"https:\/\/www.google.com\/maps\/embed?pb=!1m14!1m8!1m3!1d97935.48184054738!2d32.743838!3d39.908188!3m2!1i1024!2i768!4f13.1!3m3!1m2!1s0x14d347c3abe99677%3A0x19e6797eaa1d2d35!2svia-green!5e0!3m2!1str!2sus!4v1687445126037!5m2!1str!2sus&quot; width=&quot;600&quot; height=&quot;450&quot; style=&quot;border:0;&quot; allowfullscreen=&quot;&quot; loading=&quot;lazy&quot; referrerpolicy=&quot;no-referrer-when-downgrade&quot;\"><\/iframe>\n                            <\/div>\n                        <\/div>\n                    <\/div>\n                <\/div>\n\n            <\/div>\n        <\/div>\n    <\/div>\n    <!-- End Contact Area -->\n\n    \t\t<\/div>\n\t\t\t\t<\/div>\n\t\t\t\t\t<\/div>\n\t\t<\/div>\n\t\t\t\t\t<\/div>\n\t\t<\/section>\n\t\t\t\t<\/div>\n\t\t","protected":false},"excerpt":{"rendered":"<p>\u0130leti\u015fim \u0130leti\u015fim \u0130leti\u015fim formunu kullanarak bize ula\u015fabilirsiniz. G\u00f6nder Adres Harita Konum Mustafa Kemal Mah. 2079 Sk. No: 2\/A Blok No:5 \u00c7ankaya\/Ankara Mail info@fluxbilisim.com Telefon 0 (312) 220 05 35<\/p>\n","protected":false},"author":1,"featured_media":1920,"parent":0,"menu_order":0,"comment_status":"closed","ping_status":"closed","template":"page-templates\/pages-image.php","meta":[],"_links":{"self":[{"href":"https:\/\/www.fluxbilisim.com\/index.php\/wp-json\/wp\/v2\/pages\/512"}],"collection":[{"href":"https:\/\/www.fluxbilisim.com\/index.php\/wp-json\/wp\/v2\/pages"}],"about":[{"href":"https:\/\/www.fluxbilisim.com\/index.php\/wp-json\/wp\/v2\/types\/page"}],"author":[{"embeddable":true,"href":"https:\/\/www.fluxbilisim.com\/index.php\/wp-json\/wp\/v2\/users\/1"}],"replies":[{"embeddable":true,"href":"https:\/\/www.fluxbilisim.com\/index.php\/wp-json\/wp\/v2\/comments?post=512"}],"version-history":[{"count":11,"href":"https:\/\/www.fluxbilisim.com\/index.php\/wp-json\/wp\/v2\/pages\/512\/revisions"}],"predecessor-version":[{"id":1978,"href":"https:\/\/www.fluxbilisim.com\/index.php\/wp-json\/wp\/v2\/pages\/512\/revisions\/1978"}],"wp:featuredmedia":[{"embeddable":true,"href":"https:\/\/www.fluxbilisim.com\/index.php\/wp-json\/wp\/v2\/media\/1920"}],"wp:attachment":[{"href":"https:\/\/www.fluxbilisim.com\/index.php\/wp-json\/wp\/v2\/media?parent=512"}],"curies":[{"name":"wp","href":"https:\/\/api.w.org\/{rel}","templated":true}]}}