{"id":113,"date":"2023-06-22T09:17:39","date_gmt":"2023-06-22T09:17:39","guid":{"rendered":"https:\/\/wpriverthemes.com\/tandaelem\/?page_id=113"},"modified":"2023-07-03T12:09:29","modified_gmt":"2023-07-03T12:09:29","slug":"hakkimizda","status":"publish","type":"page","link":"https:\/\/www.fluxbilisim.com\/index.php\/hakkimizda\/","title":{"rendered":"Hakk\u0131m\u0131zda"},"content":{"rendered":"\t\t<div data-elementor-type=\"wp-page\" data-elementor-id=\"113\" class=\"elementor elementor-113\">\n\t\t\t\t\t\t<section class=\"elementor-section elementor-top-section elementor-element elementor-element-247951c elementor-section-full_width elementor-section-height-default elementor-section-height-default\" data-id=\"247951c\" data-element_type=\"section\">\n\t\t\t\t\t\t<div class=\"elementor-container elementor-column-gap-no\">\n\t\t\t\t\t<div class=\"elementor-column elementor-col-100 elementor-top-column elementor-element elementor-element-b6a1e91\" data-id=\"b6a1e91\" data-element_type=\"column\">\n\t\t\t<div class=\"elementor-widget-wrap elementor-element-populated\">\n\t\t\t\t\t\t<div class=\"elementor-element elementor-element-322ab34 elementor-widget elementor-widget-about\" data-id=\"322ab34\" data-element_type=\"widget\" data-widget_type=\"about.default\">\n\t\t\t\t<div class=\"elementor-widget-container\">\n\t\t\t\n        <!-- Star About Area\n    ============================================= -->\n    <div class=\"about-area faq-area inc-shape default-padding\">\n        <div class=\"container\">\n            <div class=\"row\">\n                <div class=\"col-lg-6\">\n                    <div class=\"thumb\">\n                        <img decoding=\"async\" src=\"https:\/\/www.fluxbilisim.com\/wp-content\/uploads\/2023\/07\/Adsiz-tasarim-2.png\" alt=\"Thumb\">\n                        <img decoding=\"async\" src=\"https:\/\/www.fluxbilisim.com\/wp-content\/uploads\/2022\/01\/2-1.jpg\" alt=\"Thumb\">\n                        <div class=\"overlay\">\n                            <div class=\"content\">\n                                <h4>+10 Y\u0131l Sekt\u00f6r &amp; Tecr\u00fcbesi<\/h4>\n                            <\/div>\n                        <\/div>\n                    <\/div>\n                <\/div>\n                <div class=\"col-lg-5 offset-lg-1 info\">\n                    <h2>Flux Bili\u015fim Dan\u0131\u015fmanl\u0131k<\/h2>\n                    <p>\n                        Flux Bili\u015fim , Bili\u015fim Teknolojileri alan\u0131nda 10 y\u0131l\u0131 a\u015fk\u0131n tecr\u00fcbesi bulunan  uzman y\u00f6netim kadrosu ve ekibiyle, sistem tasar\u0131m\u0131 ve entegrasyonu  ger\u00e7ekle\u015ftirmekte olup IT sekt\u00f6r\u00fcnde  T\u00fcrkiye ve D\u00fcnya\u2019n\u0131n \u00f6nde gelen  \u00fcretici firmalar\u0131 ile projeler geli\u015ftirmektedir. Sekt\u00f6r\u00fcn \u00f6nc\u00fc firmalar\u0131ndan olu\u015fan \u00e7\u00f6z\u00fcm ortaklar\u0131m\u0131z ile Bili\u015fim sekt\u00f6r\u00fcnde \u00f6nc\u00fc olma yolunda ilerlemekteyiz. \n                    <\/p>\n                    <div class=\"faq-content accordion\" id=\"accordionExample\">\n                                                        <div class=\"card\">\n                                <div class=\"card-header\" id=\"headingThree\">\n                                    <h4 class=\"mb-0\" data-toggle=\"collapse\" data-target=\"#collapseThree\" aria-expanded=\"true\" aria-controls=\"collapseThree\">\n                                          Hangi Sekt\u00f6rlerde Hizmet Veriyoruz                                    <\/h4>\n                                <\/div>\n\n                                <div id=\"collapseThree\" class=\"collapse show\" aria-labelledby=\"headingThree\" data-parent=\"#accordionExample\">\n                                    <div class=\"card-body\">\n                                        <p>\n                                            1. Yaz\u0131l\u0131m Geli\u015ftirme\n2. Veritaban\u0131 Y\u00f6netimi\n3. A\u011f ve \u0130leti\u015fim\n4. Bilgisayar Donan\u0131m\u0131\n5. Bilgi G\u00fcvenli\u011fi\n6. Proje Y\u00f6netimi\n7. Yapay Zeka ve Makine \u00d6\u011frenimi\n8. Bulut Bili\u015fim\n9. Donan\u0131m \u00c7\u00f6z\u00fcmleri\n10. Zay\u0131f Ak\u0131m Sistemleri\n11. Sanalla\u015ft\u0131rma \u00c7\u00f6z\u00fcmleri\n12. Dan\u0131\u015fmanl\u0131k Hizmetleri\n13. Teknik Servis Hizmetleri\n14. D\u0131\u015f Kaynak Hizmetleri\n15. Ses Video \u00c7\u00f6z\u00fcmleri\n16. Siber G\u00fcvenlik \u00c7\u00f6z\u00fcmleri ba\u015fta olmak \u00fczere bir \u00e7ok hizmet sa\u011flamaktay\u0131z.\n                                        <\/p>\n                                    <\/div>\n                                <\/div>\n                            <\/div>\n\n                            \n                        <\/div>\n                    <\/div>\n\n            <\/div>\n        <\/div>\n    <\/div>\n    <!-- End About Area -->\n\n    \t\t<\/div>\n\t\t\t\t<\/div>\n\t\t\t\t\t<\/div>\n\t\t<\/div>\n\t\t\t\t\t<\/div>\n\t\t<\/section>\n\t\t\t\t<section class=\"elementor-section elementor-top-section elementor-element elementor-element-2994df5 elementor-section-full_width elementor-section-height-default elementor-section-height-default\" data-id=\"2994df5\" data-element_type=\"section\">\n\t\t\t\t\t\t<div class=\"elementor-container elementor-column-gap-default\">\n\t\t\t\t\t<div class=\"elementor-column elementor-col-100 elementor-top-column elementor-element elementor-element-4751fa3\" data-id=\"4751fa3\" data-element_type=\"column\">\n\t\t\t<div class=\"elementor-widget-wrap elementor-element-populated\">\n\t\t\t\t\t\t<div class=\"elementor-element elementor-element-f2122d6 elementor-widget elementor-widget-mission\" data-id=\"f2122d6\" data-element_type=\"widget\" data-widget_type=\"mission.default\">\n\t\t\t\t<div class=\"elementor-widget-container\">\n\t\t\t\n         <!-- Start Who We Area \n    ============================================= -->\n    <div class=\"who-we-area-area bg-dark text-light\">\n        <div class=\"container-fluid\">\n            <div class=\"who-we-area-box\">\n                <div class=\"row\">\n                    <div class=\"col-lg-6 thumb bg-cover\" style=\"background-image: url(https:\/\/www.fluxbilisim.com\/wp-content\/uploads\/2023\/07\/Adsiz-tasarim-3.png\"><\/div>\n                    <div class=\"col-lg-6 info\">\n                        <div class=\"row\">\n       \n            \n            <div class=\"col-lg-6 col-md-6 item\">\n                <h4>Vizyonumuz<\/h4>\n                <h2 class=\"text-blur\">Vizyon<\/h2>\n                <p>\n                    Bili\u015fim sekt\u00f6r\u00fcnde ileri teknolojiler ile geli\u015fim ve d\u00f6n\u00fc\u015f\u00fcm\u00fc sa\u011flayan, m\u00fc\u015fterileri i\u00e7in yaratt\u0131\u011f\u0131 de\u011feri s\u00fcrekli artt\u0131ran, teknoloji bilgisi, yetkin kadrosu, giri\u015fimci ve m\u00fc\u015fteri odakl\u0131 yakla\u015f\u0131m\u0131yla kaliteli hizmet sunan, sekt\u00f6r\u00fcnde lider bir \u015firket olmakt\u0131r.                <\/p>\n                            <\/div>\n\n            \n            <div class=\"col-lg-6 col-md-6 item\">\n                <h4>Misyonumuz<\/h4>\n                <h2 class=\"text-blur\">Misyon<\/h2>\n                <p>\n                    Misyonumuz global teknoloji trendlerini kurum ve \u015firketlerin ihtiya\u00e7lar\u0131na uygun yaz\u0131l\u0131m \u00e7\u00f6z\u00fcmlerine d\u00f6n\u00fc\u015ftererek dijital d\u00f6n\u00fc\u015f\u00fcm s\u00fcre\u00e7lerini desteklemektir.\n                <\/p>\n                            <\/div>\n\n            \n        <\/div>\n                    <\/div>\n                <\/div>\n            <\/div>\n        <\/div>\n    <\/div>\n    <!-- End Who We Area Area -->\n\n    \t\t<\/div>\n\t\t\t\t<\/div>\n\t\t\t\t\t<\/div>\n\t\t<\/div>\n\t\t\t\t\t<\/div>\n\t\t<\/section>\n\t\t\t\t<\/div>\n\t\t","protected":false},"excerpt":{"rendered":"<p>+10 Y\u0131l Sekt\u00f6r &amp; Tecr\u00fcbesi Flux Bili\u015fim Dan\u0131\u015fmanl\u0131k Flux Bili\u015fim , Bili\u015fim Teknolojileri alan\u0131nda 10 y\u0131l\u0131 a\u015fk\u0131n tecr\u00fcbesi bulunan uzman y\u00f6netim kadrosu ve ekibiyle, sistem tasar\u0131m\u0131 ve entegrasyonu ger\u00e7ekle\u015ftirmekte olup IT sekt\u00f6r\u00fcnde T\u00fcrkiye ve D\u00fcnya\u2019n\u0131n \u00f6nde gelen \u00fcretici firmalar\u0131 ile projeler geli\u015ftirmektedir. Sekt\u00f6r\u00fcn \u00f6nc\u00fc firmalar\u0131ndan olu\u015fan \u00e7\u00f6z\u00fcm ortaklar\u0131m\u0131z ile Bili\u015fim sekt\u00f6r\u00fcnde \u00f6nc\u00fc olma yolunda ilerlemekteyiz. [&hellip;]<\/p>\n","protected":false},"author":1,"featured_media":1922,"parent":0,"menu_order":0,"comment_status":"closed","ping_status":"closed","template":"page-templates\/pages-image.php","meta":[],"_links":{"self":[{"href":"https:\/\/www.fluxbilisim.com\/index.php\/wp-json\/wp\/v2\/pages\/113"}],"collection":[{"href":"https:\/\/www.fluxbilisim.com\/index.php\/wp-json\/wp\/v2\/pages"}],"about":[{"href":"https:\/\/www.fluxbilisim.com\/index.php\/wp-json\/wp\/v2\/types\/page"}],"author":[{"embeddable":true,"href":"https:\/\/www.fluxbilisim.com\/index.php\/wp-json\/wp\/v2\/users\/1"}],"replies":[{"embeddable":true,"href":"https:\/\/www.fluxbilisim.com\/index.php\/wp-json\/wp\/v2\/comments?post=113"}],"version-history":[{"count":27,"href":"https:\/\/www.fluxbilisim.com\/index.php\/wp-json\/wp\/v2\/pages\/113\/revisions"}],"predecessor-version":[{"id":1945,"href":"https:\/\/www.fluxbilisim.com\/index.php\/wp-json\/wp\/v2\/pages\/113\/revisions\/1945"}],"wp:featuredmedia":[{"embeddable":true,"href":"https:\/\/www.fluxbilisim.com\/index.php\/wp-json\/wp\/v2\/media\/1922"}],"wp:attachment":[{"href":"https:\/\/www.fluxbilisim.com\/index.php\/wp-json\/wp\/v2\/media?parent=113"}],"curies":[{"name":"wp","href":"https:\/\/api.w.org\/{rel}","templated":true}]}}